{"id":2056,"date":"2025-09-06T14:57:03","date_gmt":"2025-09-06T07:57:03","guid":{"rendered":"https:\/\/infinity-academy.vn\/?page_id=2056"},"modified":"2025-09-30T22:50:31","modified_gmt":"2025-09-30T15:50:31","slug":"annual-semester-program","status":"publish","type":"page","link":"https:\/\/infinity-academy.vn\/?page_id=2056","title":{"rendered":"Ch\u01b0\u01a1ng tr\u00ecnh h\u00e0ng n\u0103m v\u00e0 h\u1ecdc k\u1ef3"},"content":{"rendered":"","protected":false},"excerpt":{"rendered":"","protected":false},"author":1,"featured_media":0,"parent":0,"menu_order":0,"comment_status":"closed","ping_status":"closed","template":"page-annual-program.php","meta":{"footnotes":""},"class_list":["post-2056","page","type-page","status-publish","hentry"],"_links":{"self":[{"href":"https:\/\/infinity-academy.vn\/index.php?rest_route=\/wp\/v2\/pages\/2056","targetHints":{"allow":["GET"]}}],"collection":[{"href":"https:\/\/infinity-academy.vn\/index.php?rest_route=\/wp\/v2\/pages"}],"about":[{"href":"https:\/\/infinity-academy.vn\/index.php?rest_route=\/wp\/v2\/types\/page"}],"author":[{"embeddable":true,"href":"https:\/\/infinity-academy.vn\/index.php?rest_route=\/wp\/v2\/users\/1"}],"replies":[{"embeddable":true,"href":"https:\/\/infinity-academy.vn\/index.php?rest_route=%2Fwp%2Fv2%2Fcomments&post=2056"}],"version-history":[{"count":9,"href":"https:\/\/infinity-academy.vn\/index.php?rest_route=\/wp\/v2\/pages\/2056\/revisions"}],"predecessor-version":[{"id":3238,"href":"https:\/\/infinity-academy.vn\/index.php?rest_route=\/wp\/v2\/pages\/2056\/revisions\/3238"}],"wp:attachment":[{"href":"https:\/\/infinity-academy.vn\/index.php?rest_route=%2Fwp%2Fv2%2Fmedia&parent=2056"}],"curies":[{"name":"wp","href":"https:\/\/api.w.org\/{rel}","templated":true}]}}